{"id":95,"date":"2019-10-18T15:13:21","date_gmt":"2019-10-18T07:13:21","guid":{"rendered":"http:\/\/192.168.1.137\/en\/?page_id=95"},"modified":"2026-01-02T14:56:35","modified_gmt":"2026-01-02T06:56:35","slug":"loover-kilews-global-partners","status":"publish","type":"page","link":"https:\/\/en.loover.com.tw\/en\/index.php\/loover-kilews-global-partners\/","title":{"rendered":"Loover-Kilews Global Partners"},"content":{"rendered":"<h5>Loover Industrial Co., Ltd.<\/h5>\n<p>11 F.-1, No. 187, Sec. 4, New Taipei Blvd., Sinjhuang Dist., New Taipei City 242032, Taiwan<br \/>\n  TEL: 886-2-2773-2311 FAX: 886-2-2741-5821<br \/>\n  E-mail:&nbsp;<a href=\"mailto:loover@ms15.hinet.net\">loover@ms15.hinet.net<\/a><\/p>\n<p><iframe src=\"https:\/\/www.google.com\/maps\/embed?pb=!1m18!1m12!1m3!1d3614.294530404996!2d121.44255867608493!3d25.058004577800848!2m3!1f0!2f0!3f0!3m2!1i1024!2i768!4f13.1!3m3!1m2!1s0x3442abd0e32976ed%3A0x68ddadcc63d63685!2z6Kmu5pmf5a-m5qWt6IKh5Lu95pyJ6ZmQ5YWs5Y-4!5e0!3m2!1szh-TW!2stw!4v1767336964061!5m2!1szh-TW!2stw\" width=\"600\" height=\"450\" style=\"border:0;\" allowfullscreen=\"\" loading=\"lazy\" referrerpolicy=\"no-referrer-when-downgrade\"><\/iframe><\/p>\n<hr \/>\n<p><strong>Australia<\/strong><br \/>\n  Oritech Pty Ltd<br \/>\n  33 Production Driver, Alfredton, Victoria, Australia 3350<br \/>\n  Tel: +61-3-5338-3444<br \/>\n  E-mail:&nbsp;<a href=\"mailto:paul@oritech.com.au\">paul@oritech.com.au<\/a><br \/>\n  <a href=\"http:\/\/www.oritech.com.au\">http:\/\/www.oritech.com.au<\/a><\/p>\n<hr \/>\n<p><strong>Brazil<\/strong><br \/>\n  Comercial Feromax Ltda<br \/>\n  Rua paraupava, 108 \u2013 Belenzinho \u2013 S\u00e3o Paulo \u2013 SP CEP: 03171-060 BRAZIL<br \/>\n  Tel: +55-11-4810-3100<br \/>\n  E-mail:&nbsp;<a href=\"mailto:contato@feromax.com.br\">contato@feromax.com.br<\/a><br \/>\n  <a href=\"https:\/\/kilews.com.br\/\">https:\/\/kilews.com.br\/<\/a><\/p>\n<hr \/>\n<p><strong>Denmark &amp; Norway<\/strong><br \/>\n  HIN A\/S<br \/>\n  Langmarksvej 29<br \/>\n  8700 Horsens Denmark<br \/>\n  Tel.: +45 7625 9090<br \/>\n  E-mail:&nbsp;<a href=\"mailto:ca@hin.dk\">ca@hin.dk<\/a><br \/>\n<a href=\"https:\/\/hin.dk\/\">https:\/\/hin.dk<\/a><\/p>\n<hr \/>\n<p><strong>Finland &amp; Estonia<\/strong><br \/>\n  Tim-Nordic Oy<br \/>\n  Jorvas High-tech Center<br \/>\n  Hirsalantie 11, 02420 Jorvas, Finland<br \/>\n  Tel:&nbsp;+358-20-7639190<br \/>\n  E-mail:&nbsp;<a href=\"mailto:Jan@timnordic.fi\">Jan@timnordic.fi<\/a><br \/>\n  <a href=\"https:\/\/www.timnordic.fi\/\">https:\/\/www.timnordic.fi<\/a><\/p>\n<hr \/>\n<p><strong>France<\/strong><br \/>\n  MJB<br \/>\n  ZAE du Gu\u00e9 Langlois<br \/>\n  77600 BUSSY SAINT MARTIN<br \/>\n  Tel : +33 (0)1-6462-68-00<br \/>\n  E-mail:&nbsp;<a href=\"mailto:infoMJB@mjb.fr\">infoMJB@mjb.fr<\/a><br \/>\n  <a href=\"http:\/\/www.mjb.fr\/\">http:\/\/www.mjb.fr<\/a><\/p>\n<hr \/>\n<p><strong>Germany &#038; Austria<\/strong><br \/>\n  ADT Fuchs GmbH<br \/>\n  Beuthener Str. 61, Geb\u00e4ude 6 R\u00fcckseite, 90471 N\u00fcrnberg, Germany<br \/>\n  Tel: +49-911-98989-67<br \/>\n  E-mail:&nbsp;<a href=\"mailto:info@adt-fuchs.de\">info@adt-fuchs.de<\/a><br \/>\n  <a href=\"http:\/\/www.adt-schraubtechnik.de\">http:\/\/www.adt-schraubtechnik.de<\/a><\/p>\n<hr \/>\n<p><strong>Hungary &amp; Romania<\/strong><br \/>\n  Delta Assembly Europe Kft.<br \/>\n  Ibolya str. 5., 2071 P\u00e1ty, Hungary<br \/>\n  Tel: +36 70 637 6600<br \/>\n  E-mail:&nbsp;<a href=\"mailto:laszlo.reibl@delta-assembly.hu\">laszlo.reibl@delta-assembly.hu<\/a> <br \/>\n  <a href=\"http:\/\/www.delta-assembly.hu\">http:\/\/www.delta-assembly.hu<\/a><\/p>\n<hr \/>\n<p><strong>Hungary<\/strong><br \/>\n  Montion Kft.<br \/>\n  1096 Budapest Telepy u. 2\/B.<br \/>\n  Tel: +36 1 210 0447<br \/>\n  E-mail:&nbsp;<a href=\"mailto:info@montion.hu\">info@montion.hu<\/a><u> <\/u><br \/>\n  <a href=\"https:\/\/www.montion.hu\/\">https:\/\/www.montion.hu<\/a><\/p>\n<hr \/>\n<p><strong>India<\/strong><br \/>\n  Microntech Engineers Pvt. Ltd.<br \/>\n  F-61 Sector 8, Noida, 201301, India <br \/>\n  Tel: + 91-120-4331362<br \/>\n  E-mail:&nbsp;<a href=\"mailto:sales@microntechgroup.com\">sales@microntechgroup.com<\/a><br \/>\n  <a href=\"http:\/\/www.microntechgroup.com\">http:\/\/www.microntechgroup.com<\/a><\/p>\n<p>Sumitron Exports Pvt. Ltd.<br \/>\n  F-19\/1, Sector-8 Main Road, Rohini, Delhi \u2013 110085, India<br \/>\n  Tel: +91-11-43824444<br \/>\n  E-mail:&nbsp;<a href=\"mailto:delhi@sumitron.com\">delhi@sumitron.com<\/a><br \/>\n  <a href=\"https:\/\/sumitron.com\/\">https:\/\/sumitron.com\/<\/a><\/p>\n<hr \/>\n<p><strong>Indonesia<\/strong><br \/>\n  P.T. Fanindo Chiptronic<br \/>\n  Kawasan Industri Jababeka III, JL.Techno 1 BLK C2B, Cikarang, Bekasi, Jawa  Barat 17530, Indonesia.<br \/>\n  Tel: +6221-898-44472<br \/>\n  E-mail:&nbsp;<a href=\"mailto:pur_jkt@fanindoelectronic.com\">pur_jkt@fanindoelectronic.com<\/a><br \/>\n  <a href=\"https:\/\/www.fanindoelectronic.com\/\">https:\/\/www.fanindoelectronic.com\/<\/a><\/p>\n<hr \/>\n<p><strong>Israel<\/strong><br \/>\n  ASI- AIM Solder Israel ltd<br \/>\n  Netzer Sereni, 7039500 Israel<br \/>\n  Tel: +972-8-3760650<br \/>\n  E-mail:&nbsp;<a href=\"mailto:sales@asi-tech.co.il\">sales@asi-tech.co.il<\/a><u> <\/u><br \/>\n  <a href=\"https:\/\/asi-tech.co.il\/\">https:\/\/asi-tech.co.il<\/a><\/p>\n<hr \/>\n<p><strong>Iran<\/strong><br \/>\n  Telecom Electronics Co.<br \/>\n  No.5 ,4th&nbsp; floor  ,Fourghani&nbsp; BLD, Jomhori AVE,P.O.Code:1135716147&nbsp;<br \/>\n  Tehran IRAN&nbsp;<br \/>\n  Tel: + 98-21-66760744<br \/>\n  E-mail:&nbsp;<a href=\"mailto:hadi@tcomelect.com\">hadi@tcomelect.com<\/a><\/p>\n<hr \/>\n<p><strong>Lithuania<\/strong><br \/>\n  UAB Lintera Automatika Ir Technika<br \/>\n  Ukmerges Str. 22, LT-55101 Jonava, Lithuania<br \/>\n  Tel: + 370 349 61448<br \/>\n  E-mail:&nbsp;<a href=\"mailto:anton.mahov@lintera.info\">anton.mahov@lintera.info<\/a><u> <\/u><br \/>\n  <a href=\"http:\/\/www.lintera.info\">http:\/\/www.lintera.info<\/a><\/p>\n<p><strong>New Zealand<\/strong><br \/>\n  Synergy Electronics Ltd.<br \/>\n  39 Richard Pearse Drive, Airport Oaks Auckland 2022. New Zealand<br \/>\n  Tel: +64 7 543 1073<br \/>\n  E-mail:&nbsp;<a href=\"mailto:sales@synergyelectronics.co.nz\">sales@synergyelectronics.co.nz<\/a> <br \/>\n  <a href=\"https:\/\/www.synergyelectronics.co.nz\/\">https:\/\/www.synergyelectronics.co.nz\/<\/a><\/p>\n<hr \/>\n<p><strong>Philippines<\/strong><br \/>\n  Momentum Materials &amp; Machines, Inc.<br \/>\n  Blk.1 LOT38-B St. Bernadette Subd., Masulog Rd.,<br \/>\n  Basak Lapu-Lapu City, Cebu 6015 Philipines<br \/>\n  Tel: + +63-2-86590224<br \/>\n  E-mail:&nbsp;<a href=\"mailto:doug@momentum.com.ph\">doug@momentum.com.ph<\/a><br \/>\n  <a href=\"http:\/\/www.momentum.com.ph\/\" target=\"_blank\" rel=\"noopener\">http:\/\/www.momentum.com.ph<\/a><\/p>\n<p><strong>Filclean Technology Co.<\/strong><br \/>\n  #34 United Nation Ave. Betterliving, Brgy. Don Bosco, Paranaque City,<br \/>\n  1711 Philippines.<br \/>\n  Tel: +632-823-8673<br \/>\n  E-mail:&nbsp;<a href=\"mailto:elvie-a@filclean.com\">elvie-a@filclean.com<\/a><br \/>\n  <a href=\"https:\/\/www.facebook.com\/ONKEI.FILCLEAN\/?locale=zh_TW\">https:\/\/www.facebook.com\/ONKEI.FILCLEAN\/?locale=zh_TW<\/a><\/p>\n<hr \/>\n<p><strong>Poland<\/strong><br \/>\n  TECHSYSTEM Krzysztof Perszke<br \/>\n  34-324 Lipowa, Poland<br \/>\n  Tel. +48 33 816 73 61&nbsp;<br \/>\n  E-mail:&nbsp;<a href=\"mailto:info@techsystem.pl\">info@techsystem.pl<\/a> <br \/>\n  <a href=\"http:\/\/techsystemit.com\/\">http:\/\/techsystemit.com\/<\/a><\/p>\n<hr \/>\n<p><strong>Portugal<\/strong><br \/>\n  Andon Store<br \/>\n  Rua Joaquim Ant\u00f3nio Moreira, 329 Armaz\u00e9m 22, 4470-078 Maia, Portugal<br \/>\n  Tel. +351 229 375 187&nbsp;<br \/>\n  E-mail:&nbsp;<a href=\"mailto:mailtoinfo@andon.pt\">info@andon.pt<\/a> <br \/>\n  <a href=\"https:\/\/www.andon.pt\/\">https:\/\/www.andon.pt\/<\/a><\/p>\n<hr \/>\n<p><strong>Russia<\/strong><br \/>\n  TECHNICA-M Ltd.<br \/>\n  1st Institutsky Proezd D. 5, Moscow Russia 109428<br \/>\n  Tel: +7-495-7093426<br \/>\n  Email:&nbsp;<a href=\"mailto:technica0m@gmail.com\">technica0m@gmail.com<\/a><br \/>\n  <a href=\"https:\/\/www.technica-m.ru\/\">https:\/\/www.technica-m.ru<\/a><\/p>\n<hr \/>\n<p><strong>Serbia<\/strong><br \/>\n  Inter-Elektronik Doo<br \/>\n  Kneza Mihajla Obrenovi\u0107a 27, Pan\u010devo, Srbija,<br \/>\n  Tel: +381-13-2317880<br \/>\n  Email:&nbsp;<a href=\"mailto:interelectronic@gmail.com\">interelectronic@gmail.com<\/a><br \/>\n  <a href=\"https:\/\/interelectronic.com\/\">https:\/\/interelectronic.com\/<\/a><\/p>\n<hr \/>\n<p><strong>Singapore &amp; Malaysia<\/strong><br \/>\n  Chip Hua Equipment &amp; Tools Pte. Ltd.<br \/>\n  701 Sims Drive, #04-02 LHK Building, Singapore 387383<br \/>\n  Tel: +65-62983088<br \/>\n  E-mail:&nbsp;<a href=\"mailto:sales@chiphua.com\">sales@chiphua.com<\/a><br \/>\n  <a href=\"http:\/\/chiphua.com\/\">http:\/\/chiphua.com<\/a><\/p>\n<hr \/>\n<p><strong>Switzerland<\/strong><br \/>\nCOMPUMET AG<br \/>\nTheodorshofweg 22, CH-4310 Rheinfelden<br \/>\nTel: +41-61-8361050<br \/>\n<a href=\"mailto:info@compumet.ch\">E-mail\uff1ainfo@compumet.ch<\/a><br \/>\n<a href=\"https:\/\/www.compumet.ch\/\" target=\"_blank\" rel=\"noopener\">https:\/\/www.compumet.ch\/<\/a><\/p>\n<hr \/>\n<p><strong>Thailand<\/strong><br \/>\n  Ultracore Electronics Supplies Co., Ltd.<br \/>\n  1429 Moo 4, Soi Sriboonruang 2 Teparak Rd., Ampur Muang, 10270 Samutprakarn,  Thailand<br \/>\n  Tel: +66-23942388<br \/>\n  E-mail:&nbsp;<a href=\"mailto:somsak@ultracore.co.th\">somsak@ultracore.co.th<\/a><br \/>\n  <a href=\"https:\/\/www.ultracore.co.th\/\">https:\/\/www.ultracore.co.th\/<\/a><\/p>\n<hr \/>\n<p><strong>Turkey<\/strong><br \/>\n  ESA Makine San. Tic.Ltd.\u015eti<br \/>\n  Beyaz Villa Sk.Petroli\u015f Plaza No:24\/7 34873 Kartal \/ISTANBUL TURKEY<br \/>\n  Tel: +90-2164737429<br \/>\n  E-mail:&nbsp;<a href=\"mailto:info@esamakine.com.tr\">info@esamakine.com.tr<\/a><br \/>\n  <a href=\"http:\/\/www.esamakine.com.tr\/\">http:\/\/www.esamakine.com.tr\/<\/a><\/p>\n<hr \/>\n<p><strong>United Kingdom<\/strong><br \/>\n  Grove Sales Limited<br \/>\n  Unit 3 Beaver Industrial Estate, 8 Airfield Road, Christchurch, Dorset, BH3 3TG<br \/>\n  Tel: + 44 1202 588900<br \/>\n  E-mail:&nbsp;<a href=\"mailto:sales@grovesales.co.uk\">sales@grovesales.co.uk<\/a> <br \/>\n  <a href=\"https:\/\/www.grovesales.co.uk\/\">https:\/\/www.grovesales.co.uk\/<\/a><\/p>\n<hr \/>\n<p>PM Tech Equipment &amp; Consumables<br \/>\n  Unit 14, Mason Road Cowdray Centre, Colchester Essex CO1 1BX<br \/>\n  Tel: +44-1206 263622<br \/>\n  E-mail:&nbsp;<a href=\"mailto:ken@pmtech.co.uk\">ken@pmtech.co.uk<\/a><br \/>\n  <a href=\"https:\/\/www.pmtech.co.uk\/\">https:\/\/www.pmtech.co.uk\/<\/a><\/p>\n<p><strong>Ukraine<\/strong><br \/>\n  Filur Electric Ltd.<br \/>\n  AP.26,2-A Teremkivska Str. Kiev,03187, Ukraine.<br \/>\n  Tel: +380-44-4957575<br \/>\n  E-mail:&nbsp;<a href=\"mailto:a.grygorevskyi@filur.net\">a.grygorevskyi@filur.net<\/a><br \/>\n  <a href=\"https:\/\/payalnik.com.ua\/ua\">https:\/\/payalnik.com.ua\/ua<\/a><\/p>\n<hr \/>\n<p><strong>USA &amp; Canada &amp;Mexico<\/strong><br \/>\n  Kilews West USA Inc.<br \/>\n  7368 Commercial Circle, Fort Pierce, FL 34951 USA<br \/>\n  Tel: +1-772-2930071<br \/>\n  E-mail:&nbsp;<a href=\"mailto:sales@kilewswest.com\">sales@kilewswest.com<\/a><br \/>\n  <a href=\"https:\/\/kilewswest.com\/\">https:\/\/kilewswest.com\/<\/a><\/p>\n<hr \/>\n<p><iframe loading=\"lazy\" src=\"https:\/\/docs.google.com\/forms\/d\/e\/1FAIpQLSc6A_JvIZsPB5vENG0wHkGJXBMCuA9I48LlK-5-WJWX018NiA\/viewform?embedded=true\" width=\"730\" height=\"1550\" frameborder=\"0\" marginheight=\"0\" marginwidth=\"0\">Loading\u2026<\/iframe><\/p>\n<p><script type=\"text\/javascript\">\n  var _gaq = _gaq || [];\n  _gaq.push(['_setAccount', 'UA-17823543-1']);\n  _gaq.push(['_trackPageview']);<\/p>\n<p>  (function() {\n    var ga = document.createElement('script'); ga.type = 'text\/javascript'; ga.async = true;\n    ga.src = ('https:' == document.location.protocol ? 'https:\/\/ssl' : 'http:\/\/www') + '.google-analytics.com\/ga.js';\n    var s = document.getElementsByTagName('script')[0]; s.parentNode.insertBefore(ga, s);\n  })();<\/p>\n<p><\/script><\/p>\n","protected":false},"excerpt":{"rendered":"<p>Loover Industrial Co., Ltd. 11 F.-1, No. 187, Sec. 4, New Taipei Blvd., Sinjhuang Dist., New Taipei City 242032, Taiwan TEL: 886-2-2773-2311 FAX: 886-2-2741-5821 E-mail:&nbsp;loover@ms15.hinet.net<\/p>\n","protected":false},"author":1,"featured_media":0,"parent":0,"menu_order":0,"comment_status":"closed","ping_status":"closed","template":"","meta":{"qubely_global_settings":"","qubely_interactions":""},"tags":[],"featured_image_src":null,"yoast_head":"<!-- This site is optimized with the Yoast SEO plugin v17.7.1 - https:\/\/yoast.com\/wordpress\/plugins\/seo\/ -->\r\n<title>Loover-Kilews Global Partners - LOOVER INDUSTRIAL CO., LTD.<\/title>\r\n<meta name=\"robots\" content=\"index, follow, max-snippet:-1, max-image-preview:large, max-video-preview:-1\" \/>\r\n<link rel=\"canonical\" href=\"https:\/\/en.loover.com.tw\/en\/index.php\/loover-kilews-global-partners\/\" \/>\r\n<meta property=\"og:locale\" content=\"en_US\" \/>\r\n<meta property=\"og:type\" content=\"article\" \/>\r\n<meta property=\"og:title\" content=\"Loover-Kilews Global Partners - LOOVER INDUSTRIAL CO., LTD.\" \/>\r\n<meta property=\"og:description\" content=\"Loover Industrial Co., Ltd. 11 F.-1, No. 187, Sec. 4, New Taipei Blvd., Sinjhuang Dist., New Taipei City 242032, Taiwan TEL: 886-2-2773-2311 FAX: 886-2-2741-5821 E-mail:&nbsp;loover@ms15.hinet.net\" \/>\r\n<meta property=\"og:url\" content=\"https:\/\/en.loover.com.tw\/en\/index.php\/loover-kilews-global-partners\/\" \/>\r\n<meta property=\"og:site_name\" content=\"LOOVER INDUSTRIAL CO., LTD.\" \/>\r\n<meta property=\"article:modified_time\" content=\"2026-01-02T06:56:35+00:00\" \/>\r\n<meta name=\"twitter:card\" content=\"summary_large_image\" \/>\r\n<meta name=\"twitter:label1\" content=\"Est. reading time\" \/>\n\t<meta name=\"twitter:data1\" content=\"4 minutes\" \/>\r\n<script type=\"application\/ld+json\" class=\"yoast-schema-graph\">{\"@context\":\"https:\/\/schema.org\",\"@graph\":[{\"@type\":\"Organization\",\"@id\":\"https:\/\/en.loover.com.tw\/en\/#organization\",\"name\":\"LOOVER INDUSTRIAL CO., LTD.\",\"url\":\"https:\/\/en.loover.com.tw\/en\/\",\"sameAs\":[],\"logo\":{\"@type\":\"ImageObject\",\"@id\":\"https:\/\/en.loover.com.tw\/en\/#logo\",\"inLanguage\":\"en-US\",\"url\":\"https:\/\/en.loover.com.tw\/en\/wp-content\/uploads\/2023\/09\/150x150.jpg\",\"contentUrl\":\"https:\/\/en.loover.com.tw\/en\/wp-content\/uploads\/2023\/09\/150x150.jpg\",\"width\":150,\"height\":150,\"caption\":\"LOOVER INDUSTRIAL CO., LTD.\"},\"image\":{\"@id\":\"https:\/\/en.loover.com.tw\/en\/#logo\"}},{\"@type\":\"WebSite\",\"@id\":\"https:\/\/en.loover.com.tw\/en\/#website\",\"url\":\"https:\/\/en.loover.com.tw\/en\/\",\"name\":\"LOOVER INDUSTRIAL CO., LTD.\",\"description\":\"Your needs on Assembly jobs can be really satisfied under our full effort.\",\"publisher\":{\"@id\":\"https:\/\/en.loover.com.tw\/en\/#organization\"},\"potentialAction\":[{\"@type\":\"SearchAction\",\"target\":{\"@type\":\"EntryPoint\",\"urlTemplate\":\"https:\/\/en.loover.com.tw\/en\/?s={search_term_string}\"},\"query-input\":\"required name=search_term_string\"}],\"inLanguage\":\"en-US\"},{\"@type\":\"WebPage\",\"@id\":\"https:\/\/en.loover.com.tw\/en\/index.php\/loover-kilews-global-partners\/#webpage\",\"url\":\"https:\/\/en.loover.com.tw\/en\/index.php\/loover-kilews-global-partners\/\",\"name\":\"Loover-Kilews Global Partners - LOOVER INDUSTRIAL CO., LTD.\",\"isPartOf\":{\"@id\":\"https:\/\/en.loover.com.tw\/en\/#website\"},\"datePublished\":\"2019-10-18T07:13:21+00:00\",\"dateModified\":\"2026-01-02T06:56:35+00:00\",\"breadcrumb\":{\"@id\":\"https:\/\/en.loover.com.tw\/en\/index.php\/loover-kilews-global-partners\/#breadcrumb\"},\"inLanguage\":\"en-US\",\"potentialAction\":[{\"@type\":\"ReadAction\",\"target\":[\"https:\/\/en.loover.com.tw\/en\/index.php\/loover-kilews-global-partners\/\"]}]},{\"@type\":\"BreadcrumbList\",\"@id\":\"https:\/\/en.loover.com.tw\/en\/index.php\/loover-kilews-global-partners\/#breadcrumb\",\"itemListElement\":[{\"@type\":\"ListItem\",\"position\":1,\"name\":\"Home\",\"item\":\"https:\/\/en.loover.com.tw\/en\/\"},{\"@type\":\"ListItem\",\"position\":2,\"name\":\"Loover-Kilews Global Partners\"}]}]}<\/script>\r\n<!-- \/ Yoast SEO plugin. -->","yoast_head_json":{"title":"Loover-Kilews Global Partners - LOOVER INDUSTRIAL CO., LTD.","robots":{"index":"index","follow":"follow","max-snippet":"max-snippet:-1","max-image-preview":"max-image-preview:large","max-video-preview":"max-video-preview:-1"},"canonical":"https:\/\/en.loover.com.tw\/en\/index.php\/loover-kilews-global-partners\/","og_locale":"en_US","og_type":"article","og_title":"Loover-Kilews Global Partners - LOOVER INDUSTRIAL CO., LTD.","og_description":"Loover Industrial Co., Ltd. 11 F.-1, No. 187, Sec. 4, New Taipei Blvd., Sinjhuang Dist., New Taipei City 242032, Taiwan TEL: 886-2-2773-2311 FAX: 886-2-2741-5821 E-mail:&nbsp;loover@ms15.hinet.net","og_url":"https:\/\/en.loover.com.tw\/en\/index.php\/loover-kilews-global-partners\/","og_site_name":"LOOVER INDUSTRIAL CO., LTD.","article_modified_time":"2026-01-02T06:56:35+00:00","twitter_card":"summary_large_image","twitter_misc":{"Est. reading time":"4 minutes"},"schema":{"@context":"https:\/\/schema.org","@graph":[{"@type":"Organization","@id":"https:\/\/en.loover.com.tw\/en\/#organization","name":"LOOVER INDUSTRIAL CO., LTD.","url":"https:\/\/en.loover.com.tw\/en\/","sameAs":[],"logo":{"@type":"ImageObject","@id":"https:\/\/en.loover.com.tw\/en\/#logo","inLanguage":"en-US","url":"https:\/\/en.loover.com.tw\/en\/wp-content\/uploads\/2023\/09\/150x150.jpg","contentUrl":"https:\/\/en.loover.com.tw\/en\/wp-content\/uploads\/2023\/09\/150x150.jpg","width":150,"height":150,"caption":"LOOVER INDUSTRIAL CO., LTD."},"image":{"@id":"https:\/\/en.loover.com.tw\/en\/#logo"}},{"@type":"WebSite","@id":"https:\/\/en.loover.com.tw\/en\/#website","url":"https:\/\/en.loover.com.tw\/en\/","name":"LOOVER INDUSTRIAL CO., LTD.","description":"Your needs on Assembly jobs can be really satisfied under our full effort.","publisher":{"@id":"https:\/\/en.loover.com.tw\/en\/#organization"},"potentialAction":[{"@type":"SearchAction","target":{"@type":"EntryPoint","urlTemplate":"https:\/\/en.loover.com.tw\/en\/?s={search_term_string}"},"query-input":"required name=search_term_string"}],"inLanguage":"en-US"},{"@type":"WebPage","@id":"https:\/\/en.loover.com.tw\/en\/index.php\/loover-kilews-global-partners\/#webpage","url":"https:\/\/en.loover.com.tw\/en\/index.php\/loover-kilews-global-partners\/","name":"Loover-Kilews Global Partners - LOOVER INDUSTRIAL CO., LTD.","isPartOf":{"@id":"https:\/\/en.loover.com.tw\/en\/#website"},"datePublished":"2019-10-18T07:13:21+00:00","dateModified":"2026-01-02T06:56:35+00:00","breadcrumb":{"@id":"https:\/\/en.loover.com.tw\/en\/index.php\/loover-kilews-global-partners\/#breadcrumb"},"inLanguage":"en-US","potentialAction":[{"@type":"ReadAction","target":["https:\/\/en.loover.com.tw\/en\/index.php\/loover-kilews-global-partners\/"]}]},{"@type":"BreadcrumbList","@id":"https:\/\/en.loover.com.tw\/en\/index.php\/loover-kilews-global-partners\/#breadcrumb","itemListElement":[{"@type":"ListItem","position":1,"name":"Home","item":"https:\/\/en.loover.com.tw\/en\/"},{"@type":"ListItem","position":2,"name":"Loover-Kilews Global Partners"}]}]}},"_links":{"self":[{"href":"https:\/\/en.loover.com.tw\/en\/index.php\/wp-json\/wp\/v2\/pages\/95"}],"collection":[{"href":"https:\/\/en.loover.com.tw\/en\/index.php\/wp-json\/wp\/v2\/pages"}],"about":[{"href":"https:\/\/en.loover.com.tw\/en\/index.php\/wp-json\/wp\/v2\/types\/page"}],"author":[{"embeddable":true,"href":"https:\/\/en.loover.com.tw\/en\/index.php\/wp-json\/wp\/v2\/users\/1"}],"replies":[{"embeddable":true,"href":"https:\/\/en.loover.com.tw\/en\/index.php\/wp-json\/wp\/v2\/comments?post=95"}],"version-history":[{"count":20,"href":"https:\/\/en.loover.com.tw\/en\/index.php\/wp-json\/wp\/v2\/pages\/95\/revisions"}],"predecessor-version":[{"id":2624,"href":"https:\/\/en.loover.com.tw\/en\/index.php\/wp-json\/wp\/v2\/pages\/95\/revisions\/2624"}],"wp:attachment":[{"href":"https:\/\/en.loover.com.tw\/en\/index.php\/wp-json\/wp\/v2\/media?parent=95"}],"wp:term":[{"taxonomy":"post_tag","embeddable":true,"href":"https:\/\/en.loover.com.tw\/en\/index.php\/wp-json\/wp\/v2\/tags?post=95"}],"curies":[{"name":"wp","href":"https:\/\/api.w.org\/{rel}","templated":true}]}}